{"id":1434,"date":"2015-03-03T02:10:42","date_gmt":"2015-03-03T01:10:42","guid":{"rendered":"https:\/\/neo-peauapeau.com\/contact\/"},"modified":"2018-10-29T17:19:03","modified_gmt":"2018-10-29T16:19:03","slug":"contact","status":"publish","type":"page","link":"https:\/\/neo-peauapeau.com\/en\/contact\/","title":{"rendered":"Contact us"},"content":{"rendered":"<div id='av_section_1'  class='avia-section av-31d0o-78f36a18e6ca7117d975b8c77eec5afb main_color avia-section-default avia-no-border-styling  avia-builder-el-0  avia-builder-el-no-sibling  avia-bg-style-scroll container_wrap fullsize'  ><div class='container av-section-cont-open' ><main  role=\"main\" itemprop=\"mainContentOfPage\"  class='template-page content  av-content-full alpha units'><div class='post-entry post-entry-type-page post-entry-1434'><div class='entry-content-wrapper clearfix'>\n<form action=\"https:\/\/neo-peauapeau.com\/en\/contact\/\" method=\"post\" data-fields-with-error=\"Found errors in the following field(s):\" class=\"avia_ajax_form av-form-labels-visible   avia-builder-el-1  el_before_av_hr  avia-builder-el-first   \" data-avia-form-id=\"1\" data-avia-redirect='' ><fieldset><p class='  first_form  form_element form_element_third' id='element_avia_1_1'><label for=\"avia_1_1\">Last Name, First Name <abbr class=\"required\" title=\"required\">*<\/abbr><\/label> <input name=\"avia_1_1\" class=\"text_input is_empty\" type=\"text\" id=\"avia_1_1\" value=\"\" \/><\/p><p class='  form_element form_element_third' id='element_avia_2_1'><label for=\"avia_2_1\">E-Mail <abbr class=\"required\" title=\"required\">*<\/abbr><\/label> <input name=\"avia_2_1\" class=\"text_input is_email\" type=\"text\" id=\"avia_2_1\" value=\"\" \/><\/p><p class='  form_element form_element_third' id='element_avia_3_1'><label for=\"avia_3_1\">Topic <abbr class=\"required\" title=\"required\">*<\/abbr><\/label><select  name=\"avia_3_1\" class=\"select is_empty\" id=\"avia_3_1\"><option   value='About our products'>About our products<\/option><option   value='Payment'>Payment<\/option><option   value='Delivery'>Delivery<\/option><option   value='Refund'>Refund<\/option><option   value='My order'>My order<\/option><option   value='My account'>My account<\/option><option   value='Discount'>Discount<\/option><option   value='Other'>Other<\/option><\/select><\/p><p class='  first_form  form_element form_fullwidth' id='element_avia_4_1'><label for=\"avia_4_1\" class=\"textare_label hidden textare_label_avia_4_1\">Message <abbr class=\"required\" title=\"required\">*<\/abbr><\/label><textarea  name=\"avia_4_1\" class=\"text_area is_empty\" cols=\"40\" rows=\"7\" id=\"avia_4_1\" ><\/textarea><\/p><p class=\"hidden\"><input type=\"text\" name=\"avia_5_1\" class=\"hidden \" id=\"avia_5_1\" value=\"\" \/><\/p><p class='   form_element form_fullwidth' id='element_avia_6_1'><span class='value_verifier_label'>2 + 1 = ?<\/span><input name=\"avia_6_1_verifier\" type=\"hidden\" id=\"avia_6_1_verifier\" value=\"164361443\"\/><label for=\"avia_6_1\">Please prove that you are human by solving the equation <abbr class=\"required\" title=\"required\">*<\/abbr><\/label><input name=\"avia_6_1\" class=\"text_input captcha\" type=\"text\" id=\"avia_6_1\" value=\"\"\/><\/p><p class=\"form_element \"><input type=\"hidden\" value=\"1\" name=\"avia_generated_form1\" \/><input type=\"submit\" value=\"Send\" class=\"button\"  data-sending-label=\"Sending\"\/><\/p><\/fieldset><\/form><div id=\"ajaxresponse_1\" class=\"ajaxresponse ajaxresponse_1 hidden\"><\/div>\n\n<style type=\"text\/css\" data-created_by=\"avia_inline_auto\" id=\"style-css-av-jkmhh2im-f01426f79f4f4b48428d58490cc0c261\">\n#top .hr.hr-invisible.av-jkmhh2im-f01426f79f4f4b48428d58490cc0c261{\nheight:50px;\n}\n<\/style>\n<div  class='hr av-jkmhh2im-f01426f79f4f4b48428d58490cc0c261 hr-invisible  avia-builder-el-2  el_after_av_contact  el_before_av_textblock '><span class='hr-inner '><span class=\"hr-inner-style\"><\/span><\/span><\/div>\n<section  class='av_textblock_section av-b9bnc-53c4890f0dee95b601e765b7236d6688 '   itemscope=\"itemscope\" itemtype=\"https:\/\/schema.org\/CreativeWork\" ><div class='avia_textblock'  itemprop=\"text\" ><h3 style=\"text-align: left;\">N\u00e9o Peau \u00e0 Peau<\/h3>\n<p style=\"text-align: left;\"><a href=\"mailto:contact@neo-peauapeau.com\" target=\"_blank\" rel=\"noopener\">contact@neo-peauapeau.com<\/a><\/p>\n<\/div><\/section>\n\n","protected":false},"excerpt":{"rendered":"","protected":false},"author":1,"featured_media":0,"parent":0,"menu_order":0,"comment_status":"open","ping_status":"open","template":"","meta":{"_acf_changed":false,"footnotes":""},"class_list":["post-1434","page","type-page","status-publish","hentry"],"acf":[],"yoast_head":"<!-- This site is optimized with the Yoast SEO plugin v27.5 - https:\/\/yoast.com\/product\/yoast-seo-wordpress\/ -->\n<title>Contact us - N\u00c9O peau \u00e0 peau, au plus pr\u00e8s de votre b\u00e9b\u00e9<\/title>\n<meta name=\"description\" content=\"Toutes les informations n\u00e9cessaires afin de contacter N\u00c9O peau \u00e0 peau, entreprise sp\u00e9cialis\u00e9e dans les \u00e9charpes et bandeaux de confort entre b\u00e9b\u00e9 et vous !\" \/>\n<meta name=\"robots\" content=\"index, follow, max-snippet:-1, max-image-preview:large, max-video-preview:-1\" \/>\n<link rel=\"canonical\" href=\"https:\/\/neo-peauapeau.com\/en\/contact\/\" \/>\n<meta property=\"og:locale\" content=\"en_US\" \/>\n<meta property=\"og:type\" content=\"article\" \/>\n<meta property=\"og:title\" content=\"Contact us - N\u00c9O peau \u00e0 peau, au plus pr\u00e8s de votre b\u00e9b\u00e9\" \/>\n<meta property=\"og:description\" content=\"Toutes les informations n\u00e9cessaires afin de contacter N\u00c9O peau \u00e0 peau, entreprise sp\u00e9cialis\u00e9e dans les \u00e9charpes et bandeaux de confort entre b\u00e9b\u00e9 et vous !\" \/>\n<meta property=\"og:url\" content=\"https:\/\/neo-peauapeau.com\/en\/contact\/\" \/>\n<meta property=\"og:site_name\" content=\"N\u00c9O peau \u00e0 peau\" \/>\n<meta property=\"article:publisher\" content=\"https:\/\/www.facebook.com\/neo.peauapeau\/\" \/>\n<meta property=\"article:modified_time\" content=\"2018-10-29T16:19:03+00:00\" \/>\n<meta property=\"og:image\" content=\"https:\/\/i0.wp.com\/neo-peauapeau.com\/wp-content\/uploads\/2018\/08\/peauapeaubandeaux.jpg?fit=1500%2C1001&ssl=1\" \/>\n\t<meta property=\"og:image:width\" content=\"1500\" \/>\n\t<meta property=\"og:image:height\" content=\"1001\" \/>\n\t<meta property=\"og:image:type\" content=\"image\/jpeg\" \/>\n<meta name=\"twitter:card\" content=\"summary_large_image\" \/>\n<meta name=\"twitter:label1\" content=\"Est. reading time\" \/>\n\t<meta name=\"twitter:data1\" content=\"2 minutes\" \/>\n<script type=\"application\/ld+json\" class=\"yoast-schema-graph\">{\"@context\":\"https:\\\/\\\/schema.org\",\"@graph\":[{\"@type\":\"WebPage\",\"@id\":\"https:\\\/\\\/neo-peauapeau.com\\\/en\\\/contact\\\/\",\"url\":\"https:\\\/\\\/neo-peauapeau.com\\\/en\\\/contact\\\/\",\"name\":\"Contact us - N\u00c9O peau \u00e0 peau, au plus pr\u00e8s de votre b\u00e9b\u00e9\",\"isPartOf\":{\"@id\":\"https:\\\/\\\/neo-peauapeau.com\\\/#website\"},\"datePublished\":\"2015-03-03T01:10:42+00:00\",\"dateModified\":\"2018-10-29T16:19:03+00:00\",\"description\":\"Toutes les informations n\u00e9cessaires afin de contacter N\u00c9O peau \u00e0 peau, entreprise sp\u00e9cialis\u00e9e dans les \u00e9charpes et bandeaux de confort entre b\u00e9b\u00e9 et vous !\",\"breadcrumb\":{\"@id\":\"https:\\\/\\\/neo-peauapeau.com\\\/en\\\/contact\\\/#breadcrumb\"},\"inLanguage\":\"en-US\",\"potentialAction\":[{\"@type\":\"ReadAction\",\"target\":[\"https:\\\/\\\/neo-peauapeau.com\\\/en\\\/contact\\\/\"]}]},{\"@type\":\"BreadcrumbList\",\"@id\":\"https:\\\/\\\/neo-peauapeau.com\\\/en\\\/contact\\\/#breadcrumb\",\"itemListElement\":[{\"@type\":\"ListItem\",\"position\":1,\"name\":\"Accueil\",\"item\":\"https:\\\/\\\/neo-peauapeau.com\\\/en\\\/\"},{\"@type\":\"ListItem\",\"position\":2,\"name\":\"Contact us\"}]},{\"@type\":\"WebSite\",\"@id\":\"https:\\\/\\\/neo-peauapeau.com\\\/#website\",\"url\":\"https:\\\/\\\/neo-peauapeau.com\\\/\",\"name\":\"N\u00c9O peau \u00e0 peau\",\"description\":\"au plus pr\u00e8s de votre b\u00e9b\u00e9\",\"publisher\":{\"@id\":\"https:\\\/\\\/neo-peauapeau.com\\\/#organization\"},\"potentialAction\":[{\"@type\":\"SearchAction\",\"target\":{\"@type\":\"EntryPoint\",\"urlTemplate\":\"https:\\\/\\\/neo-peauapeau.com\\\/?s={search_term_string}\"},\"query-input\":{\"@type\":\"PropertyValueSpecification\",\"valueRequired\":true,\"valueName\":\"search_term_string\"}}],\"inLanguage\":\"en-US\"},{\"@type\":\"Organization\",\"@id\":\"https:\\\/\\\/neo-peauapeau.com\\\/#organization\",\"name\":\"N\u00e9o peau \u00e0 peau\",\"url\":\"https:\\\/\\\/neo-peauapeau.com\\\/\",\"logo\":{\"@type\":\"ImageObject\",\"inLanguage\":\"en-US\",\"@id\":\"https:\\\/\\\/neo-peauapeau.com\\\/#\\\/schema\\\/logo\\\/image\\\/\",\"url\":\"https:\\\/\\\/i2.wp.com\\\/neo-peauapeau.com\\\/wp-content\\\/uploads\\\/2018\\\/08\\\/logo-neopeauapeau.png?fit=400%2C342&ssl=1\",\"contentUrl\":\"https:\\\/\\\/i2.wp.com\\\/neo-peauapeau.com\\\/wp-content\\\/uploads\\\/2018\\\/08\\\/logo-neopeauapeau.png?fit=400%2C342&ssl=1\",\"width\":400,\"height\":342,\"caption\":\"N\u00e9o peau \u00e0 peau\"},\"image\":{\"@id\":\"https:\\\/\\\/neo-peauapeau.com\\\/#\\\/schema\\\/logo\\\/image\\\/\"},\"sameAs\":[\"https:\\\/\\\/www.facebook.com\\\/neo.peauapeau\\\/\",\"https:\\\/\\\/www.instagram.com\\\/neo.peauapeau\\\/\"]}]}<\/script>\n<!-- \/ Yoast SEO plugin. -->","yoast_head_json":{"title":"Contact us - N\u00c9O peau \u00e0 peau, au plus pr\u00e8s de votre b\u00e9b\u00e9","description":"Toutes les informations n\u00e9cessaires afin de contacter N\u00c9O peau \u00e0 peau, entreprise sp\u00e9cialis\u00e9e dans les \u00e9charpes et bandeaux de confort entre b\u00e9b\u00e9 et vous !","robots":{"index":"index","follow":"follow","max-snippet":"max-snippet:-1","max-image-preview":"max-image-preview:large","max-video-preview":"max-video-preview:-1"},"canonical":"https:\/\/neo-peauapeau.com\/en\/contact\/","og_locale":"en_US","og_type":"article","og_title":"Contact us - N\u00c9O peau \u00e0 peau, au plus pr\u00e8s de votre b\u00e9b\u00e9","og_description":"Toutes les informations n\u00e9cessaires afin de contacter N\u00c9O peau \u00e0 peau, entreprise sp\u00e9cialis\u00e9e dans les \u00e9charpes et bandeaux de confort entre b\u00e9b\u00e9 et vous !","og_url":"https:\/\/neo-peauapeau.com\/en\/contact\/","og_site_name":"N\u00c9O peau \u00e0 peau","article_publisher":"https:\/\/www.facebook.com\/neo.peauapeau\/","article_modified_time":"2018-10-29T16:19:03+00:00","og_image":[{"width":1500,"height":1001,"url":"https:\/\/i0.wp.com\/neo-peauapeau.com\/wp-content\/uploads\/2018\/08\/peauapeaubandeaux.jpg?fit=1500%2C1001&ssl=1","type":"image\/jpeg"}],"twitter_card":"summary_large_image","twitter_misc":{"Est. reading time":"2 minutes"},"schema":{"@context":"https:\/\/schema.org","@graph":[{"@type":"WebPage","@id":"https:\/\/neo-peauapeau.com\/en\/contact\/","url":"https:\/\/neo-peauapeau.com\/en\/contact\/","name":"Contact us - N\u00c9O peau \u00e0 peau, au plus pr\u00e8s de votre b\u00e9b\u00e9","isPartOf":{"@id":"https:\/\/neo-peauapeau.com\/#website"},"datePublished":"2015-03-03T01:10:42+00:00","dateModified":"2018-10-29T16:19:03+00:00","description":"Toutes les informations n\u00e9cessaires afin de contacter N\u00c9O peau \u00e0 peau, entreprise sp\u00e9cialis\u00e9e dans les \u00e9charpes et bandeaux de confort entre b\u00e9b\u00e9 et vous !","breadcrumb":{"@id":"https:\/\/neo-peauapeau.com\/en\/contact\/#breadcrumb"},"inLanguage":"en-US","potentialAction":[{"@type":"ReadAction","target":["https:\/\/neo-peauapeau.com\/en\/contact\/"]}]},{"@type":"BreadcrumbList","@id":"https:\/\/neo-peauapeau.com\/en\/contact\/#breadcrumb","itemListElement":[{"@type":"ListItem","position":1,"name":"Accueil","item":"https:\/\/neo-peauapeau.com\/en\/"},{"@type":"ListItem","position":2,"name":"Contact us"}]},{"@type":"WebSite","@id":"https:\/\/neo-peauapeau.com\/#website","url":"https:\/\/neo-peauapeau.com\/","name":"N\u00c9O peau \u00e0 peau","description":"au plus pr\u00e8s de votre b\u00e9b\u00e9","publisher":{"@id":"https:\/\/neo-peauapeau.com\/#organization"},"potentialAction":[{"@type":"SearchAction","target":{"@type":"EntryPoint","urlTemplate":"https:\/\/neo-peauapeau.com\/?s={search_term_string}"},"query-input":{"@type":"PropertyValueSpecification","valueRequired":true,"valueName":"search_term_string"}}],"inLanguage":"en-US"},{"@type":"Organization","@id":"https:\/\/neo-peauapeau.com\/#organization","name":"N\u00e9o peau \u00e0 peau","url":"https:\/\/neo-peauapeau.com\/","logo":{"@type":"ImageObject","inLanguage":"en-US","@id":"https:\/\/neo-peauapeau.com\/#\/schema\/logo\/image\/","url":"https:\/\/i2.wp.com\/neo-peauapeau.com\/wp-content\/uploads\/2018\/08\/logo-neopeauapeau.png?fit=400%2C342&ssl=1","contentUrl":"https:\/\/i2.wp.com\/neo-peauapeau.com\/wp-content\/uploads\/2018\/08\/logo-neopeauapeau.png?fit=400%2C342&ssl=1","width":400,"height":342,"caption":"N\u00e9o peau \u00e0 peau"},"image":{"@id":"https:\/\/neo-peauapeau.com\/#\/schema\/logo\/image\/"},"sameAs":["https:\/\/www.facebook.com\/neo.peauapeau\/","https:\/\/www.instagram.com\/neo.peauapeau\/"]}]}},"jetpack_sharing_enabled":true,"jetpack_shortlink":"https:\/\/wp.me\/Pa8FXz-n8","jetpack_likes_enabled":true,"_links":{"self":[{"href":"https:\/\/neo-peauapeau.com\/en\/wp-json\/wp\/v2\/pages\/1434","targetHints":{"allow":["GET"]}}],"collection":[{"href":"https:\/\/neo-peauapeau.com\/en\/wp-json\/wp\/v2\/pages"}],"about":[{"href":"https:\/\/neo-peauapeau.com\/en\/wp-json\/wp\/v2\/types\/page"}],"author":[{"embeddable":true,"href":"https:\/\/neo-peauapeau.com\/en\/wp-json\/wp\/v2\/users\/1"}],"replies":[{"embeddable":true,"href":"https:\/\/neo-peauapeau.com\/en\/wp-json\/wp\/v2\/comments?post=1434"}],"version-history":[{"count":0,"href":"https:\/\/neo-peauapeau.com\/en\/wp-json\/wp\/v2\/pages\/1434\/revisions"}],"wp:attachment":[{"href":"https:\/\/neo-peauapeau.com\/en\/wp-json\/wp\/v2\/media?parent=1434"}],"curies":[{"name":"wp","href":"https:\/\/api.w.org\/{rel}","templated":true}]}}