{"id":1433,"date":"2018-08-09T13:42:53","date_gmt":"2018-08-09T11:42:53","guid":{"rendered":"https:\/\/neo-peauapeau.com\/nos-partenaires\/"},"modified":"2018-10-29T19:51:16","modified_gmt":"2018-10-29T18:51:16","slug":"our-partners","status":"publish","type":"page","link":"https:\/\/neo-peauapeau.com\/en\/our-partners\/","title":{"rendered":"Our partners"},"content":{"rendered":"<div id='full_slider_1'  class='avia-fullwidth-slider main_color avia-shadow   avia-builder-el-0  el_before_av_section  avia-builder-el-first   container_wrap fullsize'  ><div  class='avia-slideshow av-jkmhqixj-72506e71e9da4e69ede06ab5e7b5b6cd avia-slideshow-featured av_slideshow_full avia-slide-slider av-slideshow-ui av-control-default av-slideshow-manual av-loop-once av-loop-manual-endless av-default-height-applied   avia-slideshow-1' data-slideshow-options=\"{&quot;animation&quot;:&quot;slide&quot;,&quot;autoplay&quot;:false,&quot;loop_autoplay&quot;:&quot;once&quot;,&quot;interval&quot;:5,&quot;loop_manual&quot;:&quot;manual-endless&quot;,&quot;autoplay_stopper&quot;:false,&quot;noNavigation&quot;:false,&quot;bg_slider&quot;:false,&quot;keep_padding&quot;:false,&quot;hoverpause&quot;:false,&quot;show_slide_delay&quot;:0}\"  itemprop=\"image\" itemscope=\"itemscope\" itemtype=\"https:\/\/schema.org\/ImageObject\" ><ul class='avia-slideshow-inner ' style='padding-bottom: 28.666666666667%;'><li  class='avia-slideshow-slide av-jkmhqixj-72506e71e9da4e69ede06ab5e7b5b6cd__0  av-single-slide slide-1 slide-odd'><div data-rel='slideshow-1' class='avia-slide-wrap '   ><img decoding=\"async\" fetchpriority=\"high\" class=\"wp-image-1342 avia-img-lazy-loading-not-1342\"  src=\"https:\/\/i0.wp.com\/neo-peauapeau.com\/wp-content\/uploads\/2018\/08\/carlo-navarro-219810-unsplash.jpg?resize=1500%2C430&ssl=1\" width=\"1500\" height=\"430\" title='B\u00e9b\u00e9 endormi' alt=''  itemprop=\"thumbnailUrl\"   \/><\/div><\/li><\/ul><\/div><\/div>\n<div id='av_section_1'  class='avia-section av-jpogc-2fd62d02722d057d8a81a59e037f019d main_color avia-section-default avia-no-border-styling  avia-builder-el-1  el_after_av_slideshow_full  avia-builder-el-last  avia-bg-style-scroll container_wrap fullsize'  ><div class='container av-section-cont-open' ><div class='template-page content  av-content-full alpha units'><div class='post-entry post-entry-type-page post-entry-1433'><div class='entry-content-wrapper clearfix'>\n\n<style type=\"text\/css\" data-created_by=\"avia_inline_auto\" id=\"style-css-av-jnui4pvr-8ceed932d974db454f072431d1d3f1ab\">\n#top .av-special-heading.av-jnui4pvr-8ceed932d974db454f072431d1d3f1ab{\npadding-bottom:50px;\n}\nbody .av-special-heading.av-jnui4pvr-8ceed932d974db454f072431d1d3f1ab .av-special-heading-tag .heading-char{\nfont-size:25px;\n}\n.av-special-heading.av-jnui4pvr-8ceed932d974db454f072431d1d3f1ab .av-subheading{\nfont-size:15px;\n}\n<\/style>\n<div  class='av-special-heading av-jnui4pvr-8ceed932d974db454f072431d1d3f1ab av-special-heading-h1 blockquote modern-quote modern-centered  avia-builder-el-2  el_before_av_two_third  avia-builder-el-first '><h1 class='av-special-heading-tag '  itemprop=\"headline\"  >OUR PARTNERSHIP<\/h1><div class=\"special-heading-border\"><div class=\"special-heading-inner-border\"><\/div><\/div><\/div>\n\n<style type=\"text\/css\" data-created_by=\"avia_inline_auto\" id=\"style-css-av-eflv0-e1a4447fcfb54b2fd9329d59c9225f5f\">\n.flex_column.av-eflv0-e1a4447fcfb54b2fd9329d59c9225f5f{\nborder-radius:0px 0px 0px 0px;\npadding:0px 0px 0px 0px;\n}\n<\/style>\n<div  class='flex_column av-eflv0-e1a4447fcfb54b2fd9329d59c9225f5f av_two_third  avia-builder-el-3  el_after_av_heading  el_before_av_one_third  first flex_column_div av-zero-column-padding  '     ><section  class='av_textblock_section av-jkmhtdte-3c86869609c2f93acf1095e76d57c186 '   itemscope=\"itemscope\" itemtype=\"https:\/\/schema.org\/CreativeWork\" ><div class='avia_textblock'  itemprop=\"text\" ><p>To support premature children and their families, NEO is in a partnership with <strong>f\u00e9es pr\u00e9ma<\/strong>!<\/p>\n<p><strong>1 wrap purchased = 1 \u20ac for the organisation<\/strong><\/p>\n<p><strong>The f\u00e9es pr\u00e9ma Nationale<\/strong> is recognised by childcare services. They deliver Boxs premas which contain first care products and provide families with moral and material support. They also initiate activities to raise awareness about prematurity.<\/p>\n<p>Learn more about <a href=\"https:\/\/www.facebook.com\/lesfeepremanationale\/\" target=\"_blank\" rel=\"noopener\">F\u00e9es pr\u00e9ma<\/a>.<\/p>\n<\/div><\/section><\/div>\n<style type=\"text\/css\" data-created_by=\"avia_inline_auto\" id=\"style-css-av-akw18-d04653887a0ef0f247215b5eda84d1b5\">\n.flex_column.av-akw18-d04653887a0ef0f247215b5eda84d1b5{\nborder-radius:0px 0px 0px 0px;\npadding:0px 0px 0px 0px;\n}\n<\/style>\n<div  class='flex_column av-akw18-d04653887a0ef0f247215b5eda84d1b5 av_one_third  avia-builder-el-5  el_after_av_two_third  avia-builder-el-last  flex_column_div av-zero-column-padding  '     ><style type=\"text\/css\" data-created_by=\"avia_inline_auto\" id=\"style-css-av-jkmhtql9-896b0d69de70bb648053d4394db5a4f4\">\n.avia-image-container.av-jkmhtql9-896b0d69de70bb648053d4394db5a4f4 img.avia_image{\nbox-shadow:none;\n}\n.avia-image-container.av-jkmhtql9-896b0d69de70bb648053d4394db5a4f4 .av-image-caption-overlay-center{\ncolor:#ffffff;\n}\n<\/style>\n<div  class='avia-image-container av-jkmhtql9-896b0d69de70bb648053d4394db5a4f4 av-styling- avia-align-center  avia-builder-el-6  avia-builder-el-no-sibling '   itemprop=\"image\" itemscope=\"itemscope\" itemtype=\"https:\/\/schema.org\/ImageObject\" ><div class=\"avia-image-container-inner\"><div class=\"avia-image-overlay-wrap\"><img decoding=\"async\" fetchpriority=\"high\" class='wp-image-1343 avia-img-lazy-loading-not-1343 avia_image ' src=\"https:\/\/i0.wp.com\/neo-peauapeau.com\/wp-content\/uploads\/2018\/08\/les-fees-prema-visuel1.jpg?fit=600%2C517&ssl=1\" alt='' title='Logo les f\u00e9es pr\u00e9ma nationale'  height=\"517\" width=\"600\"  itemprop=\"thumbnailUrl\" srcset=\"https:\/\/i0.wp.com\/neo-peauapeau.com\/wp-content\/uploads\/2018\/08\/les-fees-prema-visuel1.jpg?w=600&amp;ssl=1 600w, https:\/\/i0.wp.com\/neo-peauapeau.com\/wp-content\/uploads\/2018\/08\/les-fees-prema-visuel1.jpg?resize=300%2C259&amp;ssl=1 300w\" sizes=\"(max-width: 600px) 100vw, 600px\" \/><\/div><\/div><\/div><\/div>\n","protected":false},"excerpt":{"rendered":"","protected":false},"author":1,"featured_media":0,"parent":0,"menu_order":0,"comment_status":"closed","ping_status":"closed","template":"","meta":{"_acf_changed":false,"footnotes":""},"class_list":["post-1433","page","type-page","status-publish","hentry"],"acf":[],"yoast_head":"<!-- This site is optimized with the Yoast SEO plugin v27.5 - https:\/\/yoast.com\/product\/yoast-seo-wordpress\/ -->\n<title>Our partners - N\u00c9O peau \u00e0 peau, au plus pr\u00e8s de votre b\u00e9b\u00e9<\/title>\n<meta name=\"description\" content=\"D\u00e9couvrez le partenaire de N\u00c9O peau \u00e0 peau : les f\u00e9es pr\u00e9ma. Pour chaque achat \u00e9ffectu\u00e9, 1 euros est revers\u00e9 \u00e0 l&#039;association f\u00e9es pr\u00e9ma.\" \/>\n<meta name=\"robots\" content=\"index, follow, max-snippet:-1, max-image-preview:large, max-video-preview:-1\" \/>\n<link rel=\"canonical\" href=\"https:\/\/neo-peauapeau.com\/en\/our-partners\/\" \/>\n<meta property=\"og:locale\" content=\"en_US\" \/>\n<meta property=\"og:type\" content=\"article\" \/>\n<meta property=\"og:title\" content=\"Our partners - N\u00c9O peau \u00e0 peau, au plus pr\u00e8s de votre b\u00e9b\u00e9\" \/>\n<meta property=\"og:description\" content=\"D\u00e9couvrez le partenaire de N\u00c9O peau \u00e0 peau : les f\u00e9es pr\u00e9ma. Pour chaque achat \u00e9ffectu\u00e9, 1 euros est revers\u00e9 \u00e0 l&#039;association f\u00e9es pr\u00e9ma.\" \/>\n<meta property=\"og:url\" content=\"https:\/\/neo-peauapeau.com\/en\/our-partners\/\" \/>\n<meta property=\"og:site_name\" content=\"N\u00c9O peau \u00e0 peau\" \/>\n<meta property=\"article:publisher\" content=\"https:\/\/www.facebook.com\/neo.peauapeau\/\" \/>\n<meta property=\"article:modified_time\" content=\"2018-10-29T18:51:16+00:00\" \/>\n<meta property=\"og:image\" content=\"https:\/\/i0.wp.com\/neo-peauapeau.com\/wp-content\/uploads\/2018\/08\/peauapeaubandeaux.jpg?fit=1500%2C1001&ssl=1\" \/>\n\t<meta property=\"og:image:width\" content=\"1500\" \/>\n\t<meta property=\"og:image:height\" content=\"1001\" \/>\n\t<meta property=\"og:image:type\" content=\"image\/jpeg\" \/>\n<meta name=\"twitter:card\" content=\"summary_large_image\" \/>\n<meta name=\"twitter:label1\" content=\"Est. reading time\" \/>\n\t<meta name=\"twitter:data1\" content=\"3 minutes\" \/>\n<script type=\"application\/ld+json\" class=\"yoast-schema-graph\">{\"@context\":\"https:\\\/\\\/schema.org\",\"@graph\":[{\"@type\":\"WebPage\",\"@id\":\"https:\\\/\\\/neo-peauapeau.com\\\/en\\\/our-partners\\\/\",\"url\":\"https:\\\/\\\/neo-peauapeau.com\\\/en\\\/our-partners\\\/\",\"name\":\"Our partners - N\u00c9O peau \u00e0 peau, au plus pr\u00e8s de votre b\u00e9b\u00e9\",\"isPartOf\":{\"@id\":\"https:\\\/\\\/neo-peauapeau.com\\\/#website\"},\"datePublished\":\"2018-08-09T11:42:53+00:00\",\"dateModified\":\"2018-10-29T18:51:16+00:00\",\"description\":\"D\u00e9couvrez le partenaire de N\u00c9O peau \u00e0 peau : les f\u00e9es pr\u00e9ma. Pour chaque achat \u00e9ffectu\u00e9, 1 euros est revers\u00e9 \u00e0 l'association f\u00e9es pr\u00e9ma.\",\"breadcrumb\":{\"@id\":\"https:\\\/\\\/neo-peauapeau.com\\\/en\\\/our-partners\\\/#breadcrumb\"},\"inLanguage\":\"en-US\",\"potentialAction\":[{\"@type\":\"ReadAction\",\"target\":[\"https:\\\/\\\/neo-peauapeau.com\\\/en\\\/our-partners\\\/\"]}]},{\"@type\":\"BreadcrumbList\",\"@id\":\"https:\\\/\\\/neo-peauapeau.com\\\/en\\\/our-partners\\\/#breadcrumb\",\"itemListElement\":[{\"@type\":\"ListItem\",\"position\":1,\"name\":\"Accueil\",\"item\":\"https:\\\/\\\/neo-peauapeau.com\\\/en\\\/\"},{\"@type\":\"ListItem\",\"position\":2,\"name\":\"Our partners\"}]},{\"@type\":\"WebSite\",\"@id\":\"https:\\\/\\\/neo-peauapeau.com\\\/#website\",\"url\":\"https:\\\/\\\/neo-peauapeau.com\\\/\",\"name\":\"N\u00c9O peau \u00e0 peau\",\"description\":\"au plus pr\u00e8s de votre b\u00e9b\u00e9\",\"publisher\":{\"@id\":\"https:\\\/\\\/neo-peauapeau.com\\\/#organization\"},\"potentialAction\":[{\"@type\":\"SearchAction\",\"target\":{\"@type\":\"EntryPoint\",\"urlTemplate\":\"https:\\\/\\\/neo-peauapeau.com\\\/?s={search_term_string}\"},\"query-input\":{\"@type\":\"PropertyValueSpecification\",\"valueRequired\":true,\"valueName\":\"search_term_string\"}}],\"inLanguage\":\"en-US\"},{\"@type\":\"Organization\",\"@id\":\"https:\\\/\\\/neo-peauapeau.com\\\/#organization\",\"name\":\"N\u00e9o peau \u00e0 peau\",\"url\":\"https:\\\/\\\/neo-peauapeau.com\\\/\",\"logo\":{\"@type\":\"ImageObject\",\"inLanguage\":\"en-US\",\"@id\":\"https:\\\/\\\/neo-peauapeau.com\\\/#\\\/schema\\\/logo\\\/image\\\/\",\"url\":\"https:\\\/\\\/i2.wp.com\\\/neo-peauapeau.com\\\/wp-content\\\/uploads\\\/2018\\\/08\\\/logo-neopeauapeau.png?fit=400%2C342&ssl=1\",\"contentUrl\":\"https:\\\/\\\/i2.wp.com\\\/neo-peauapeau.com\\\/wp-content\\\/uploads\\\/2018\\\/08\\\/logo-neopeauapeau.png?fit=400%2C342&ssl=1\",\"width\":400,\"height\":342,\"caption\":\"N\u00e9o peau \u00e0 peau\"},\"image\":{\"@id\":\"https:\\\/\\\/neo-peauapeau.com\\\/#\\\/schema\\\/logo\\\/image\\\/\"},\"sameAs\":[\"https:\\\/\\\/www.facebook.com\\\/neo.peauapeau\\\/\",\"https:\\\/\\\/www.instagram.com\\\/neo.peauapeau\\\/\"]}]}<\/script>\n<!-- \/ Yoast SEO plugin. -->","yoast_head_json":{"title":"Our partners - N\u00c9O peau \u00e0 peau, au plus pr\u00e8s de votre b\u00e9b\u00e9","description":"D\u00e9couvrez le partenaire de N\u00c9O peau \u00e0 peau : les f\u00e9es pr\u00e9ma. Pour chaque achat \u00e9ffectu\u00e9, 1 euros est revers\u00e9 \u00e0 l'association f\u00e9es pr\u00e9ma.","robots":{"index":"index","follow":"follow","max-snippet":"max-snippet:-1","max-image-preview":"max-image-preview:large","max-video-preview":"max-video-preview:-1"},"canonical":"https:\/\/neo-peauapeau.com\/en\/our-partners\/","og_locale":"en_US","og_type":"article","og_title":"Our partners - N\u00c9O peau \u00e0 peau, au plus pr\u00e8s de votre b\u00e9b\u00e9","og_description":"D\u00e9couvrez le partenaire de N\u00c9O peau \u00e0 peau : les f\u00e9es pr\u00e9ma. Pour chaque achat \u00e9ffectu\u00e9, 1 euros est revers\u00e9 \u00e0 l'association f\u00e9es pr\u00e9ma.","og_url":"https:\/\/neo-peauapeau.com\/en\/our-partners\/","og_site_name":"N\u00c9O peau \u00e0 peau","article_publisher":"https:\/\/www.facebook.com\/neo.peauapeau\/","article_modified_time":"2018-10-29T18:51:16+00:00","og_image":[{"width":1500,"height":1001,"url":"https:\/\/i0.wp.com\/neo-peauapeau.com\/wp-content\/uploads\/2018\/08\/peauapeaubandeaux.jpg?fit=1500%2C1001&ssl=1","type":"image\/jpeg"}],"twitter_card":"summary_large_image","twitter_misc":{"Est. reading time":"3 minutes"},"schema":{"@context":"https:\/\/schema.org","@graph":[{"@type":"WebPage","@id":"https:\/\/neo-peauapeau.com\/en\/our-partners\/","url":"https:\/\/neo-peauapeau.com\/en\/our-partners\/","name":"Our partners - N\u00c9O peau \u00e0 peau, au plus pr\u00e8s de votre b\u00e9b\u00e9","isPartOf":{"@id":"https:\/\/neo-peauapeau.com\/#website"},"datePublished":"2018-08-09T11:42:53+00:00","dateModified":"2018-10-29T18:51:16+00:00","description":"D\u00e9couvrez le partenaire de N\u00c9O peau \u00e0 peau : les f\u00e9es pr\u00e9ma. Pour chaque achat \u00e9ffectu\u00e9, 1 euros est revers\u00e9 \u00e0 l'association f\u00e9es pr\u00e9ma.","breadcrumb":{"@id":"https:\/\/neo-peauapeau.com\/en\/our-partners\/#breadcrumb"},"inLanguage":"en-US","potentialAction":[{"@type":"ReadAction","target":["https:\/\/neo-peauapeau.com\/en\/our-partners\/"]}]},{"@type":"BreadcrumbList","@id":"https:\/\/neo-peauapeau.com\/en\/our-partners\/#breadcrumb","itemListElement":[{"@type":"ListItem","position":1,"name":"Accueil","item":"https:\/\/neo-peauapeau.com\/en\/"},{"@type":"ListItem","position":2,"name":"Our partners"}]},{"@type":"WebSite","@id":"https:\/\/neo-peauapeau.com\/#website","url":"https:\/\/neo-peauapeau.com\/","name":"N\u00c9O peau \u00e0 peau","description":"au plus pr\u00e8s de votre b\u00e9b\u00e9","publisher":{"@id":"https:\/\/neo-peauapeau.com\/#organization"},"potentialAction":[{"@type":"SearchAction","target":{"@type":"EntryPoint","urlTemplate":"https:\/\/neo-peauapeau.com\/?s={search_term_string}"},"query-input":{"@type":"PropertyValueSpecification","valueRequired":true,"valueName":"search_term_string"}}],"inLanguage":"en-US"},{"@type":"Organization","@id":"https:\/\/neo-peauapeau.com\/#organization","name":"N\u00e9o peau \u00e0 peau","url":"https:\/\/neo-peauapeau.com\/","logo":{"@type":"ImageObject","inLanguage":"en-US","@id":"https:\/\/neo-peauapeau.com\/#\/schema\/logo\/image\/","url":"https:\/\/i2.wp.com\/neo-peauapeau.com\/wp-content\/uploads\/2018\/08\/logo-neopeauapeau.png?fit=400%2C342&ssl=1","contentUrl":"https:\/\/i2.wp.com\/neo-peauapeau.com\/wp-content\/uploads\/2018\/08\/logo-neopeauapeau.png?fit=400%2C342&ssl=1","width":400,"height":342,"caption":"N\u00e9o peau \u00e0 peau"},"image":{"@id":"https:\/\/neo-peauapeau.com\/#\/schema\/logo\/image\/"},"sameAs":["https:\/\/www.facebook.com\/neo.peauapeau\/","https:\/\/www.instagram.com\/neo.peauapeau\/"]}]}},"jetpack_sharing_enabled":true,"jetpack_shortlink":"https:\/\/wp.me\/Pa8FXz-n7","jetpack_likes_enabled":true,"_links":{"self":[{"href":"https:\/\/neo-peauapeau.com\/en\/wp-json\/wp\/v2\/pages\/1433","targetHints":{"allow":["GET"]}}],"collection":[{"href":"https:\/\/neo-peauapeau.com\/en\/wp-json\/wp\/v2\/pages"}],"about":[{"href":"https:\/\/neo-peauapeau.com\/en\/wp-json\/wp\/v2\/types\/page"}],"author":[{"embeddable":true,"href":"https:\/\/neo-peauapeau.com\/en\/wp-json\/wp\/v2\/users\/1"}],"replies":[{"embeddable":true,"href":"https:\/\/neo-peauapeau.com\/en\/wp-json\/wp\/v2\/comments?post=1433"}],"version-history":[{"count":0,"href":"https:\/\/neo-peauapeau.com\/en\/wp-json\/wp\/v2\/pages\/1433\/revisions"}],"wp:attachment":[{"href":"https:\/\/neo-peauapeau.com\/en\/wp-json\/wp\/v2\/media?parent=1433"}],"curies":[{"name":"wp","href":"https:\/\/api.w.org\/{rel}","templated":true}]}}