{"id":1432,"date":"2018-08-09T17:58:49","date_gmt":"2018-08-09T15:58:49","guid":{"rendered":"https:\/\/neo-peauapeau.com\/nos-engagements\/"},"modified":"2018-10-29T17:08:43","modified_gmt":"2018-10-29T16:08:43","slug":"our-commitments","status":"publish","type":"page","link":"https:\/\/neo-peauapeau.com\/en\/our-commitments\/","title":{"rendered":"Our commitments"},"content":{"rendered":"<div id='av_section_1'  class='avia-section av-k5znh-0030bee73c591fb31f67ab17de270606 main_color avia-section-default avia-no-border-styling  avia-builder-el-0  el_before_av_section  avia-builder-el-first  avia-bg-style-scroll container_wrap fullsize'  ><div class='container av-section-cont-open' ><main  role=\"main\" itemprop=\"mainContentOfPage\"  class='template-page content  av-content-full alpha units'><div class='post-entry post-entry-type-page post-entry-1432'><div class='entry-content-wrapper clearfix'>\n\n<style type=\"text\/css\" data-created_by=\"avia_inline_auto\" id=\"style-css-av-jnuhvehg-a53bb45f1108368ea06441d13de24eaa\">\n#top .av-special-heading.av-jnuhvehg-a53bb45f1108368ea06441d13de24eaa{\npadding-bottom:50px;\n}\nbody .av-special-heading.av-jnuhvehg-a53bb45f1108368ea06441d13de24eaa .av-special-heading-tag .heading-char{\nfont-size:25px;\n}\n.av-special-heading.av-jnuhvehg-a53bb45f1108368ea06441d13de24eaa .av-subheading{\nfont-size:15px;\n}\n\n@media only screen and (max-width: 479px){ \n#top #wrap_all .av-special-heading.av-jnuhvehg-a53bb45f1108368ea06441d13de24eaa .av-special-heading-tag{\nfont-size:20px;\n}\n}\n<\/style>\n<div  class='av-special-heading av-jnuhvehg-a53bb45f1108368ea06441d13de24eaa av-special-heading-h1 blockquote modern-quote modern-centered  avia-builder-el-1  el_before_av_textblock  avia-builder-el-first '><h1 class='av-special-heading-tag '  itemprop=\"headline\"  >NEO commitments<\/h1><div class=\"special-heading-border\"><div class=\"special-heading-inner-border\"><\/div><\/div><\/div>\n<section  class='av_textblock_section av-jkmoqkc8-fb9b35bc215db2c1298214483ae61025 '   itemscope=\"itemscope\" itemtype=\"https:\/\/schema.org\/CreativeWork\" ><div class='avia_textblock'  itemprop=\"text\" ><p><strong>WONDERFUL AND ORGANIC PRODUCTS! To surround baby with love!<\/strong><\/p>\n<p>Because we care about the well-being of your babies, the NEO products are made from organic cotton, with natural dyes and they meet the Oeko-tex standards 100 label.<\/p>\n<\/div><\/section>\n<\/div><\/div><\/main><!-- close content main element --><\/div><\/div><div id='av_section_2'  class='avia-section av-k5znh-fb8cb11c51fd447df9ba0f64f662e172 main_color avia-section-small avia-no-border-styling  avia-builder-el-3  el_after_av_section  el_before_av_section  avia-bg-style-scroll container_wrap fullsize'  ><div class='container av-section-cont-open' ><div class='template-page content  av-content-full alpha units'><div class='post-entry post-entry-type-page post-entry-1432'><div class='entry-content-wrapper clearfix'>\n<div class='flex_column_table av-fqw1v-c351777f3d54c41337c9a740594011c5 sc-av_two_third av-equal-height-column-flextable'>\n<style type=\"text\/css\" data-created_by=\"avia_inline_auto\" id=\"style-css-av-fqw1v-c351777f3d54c41337c9a740594011c5\">\n.flex_column.av-fqw1v-c351777f3d54c41337c9a740594011c5{\nborder-radius:0px 0px 0px 0px;\npadding:0px 0px 0px 0px;\n}\n<\/style>\n<div  class='flex_column av-fqw1v-c351777f3d54c41337c9a740594011c5 av_two_third  avia-builder-el-4  el_before_av_one_third  avia-builder-el-first  first flex_column_table_cell av-equal-height-column av-align-middle av-zero-column-padding  '     ><section  class='av_textblock_section av-jkmovi7z-4d377b569832b5ba57a9c70915bef2fe '   itemscope=\"itemscope\" itemtype=\"https:\/\/schema.org\/CreativeWork\" ><div class='avia_textblock'  itemprop=\"text\" ><p><strong>The OEKO-TEX standards 100<\/strong> is the first label aiming at ensuring the humano-ecological textile qualities. It means our products are free from toxic components, for both the human body and the environment. They are guaranteed to be free from allergenic dyes and azo dyes.<\/p>\n<\/div><\/section><\/div><div class='av-flex-placeholder'><\/div>\n<style type=\"text\/css\" data-created_by=\"avia_inline_auto\" id=\"style-css-av-9tr7n-9e151388948e07393ae76207d45edaa8\">\n.flex_column.av-9tr7n-9e151388948e07393ae76207d45edaa8{\nborder-radius:0px 0px 0px 0px;\npadding:0px 0px 0px 0px;\n}\n<\/style>\n<div  class='flex_column av-9tr7n-9e151388948e07393ae76207d45edaa8 av_one_third  avia-builder-el-6  el_after_av_two_third  avia-builder-el-last  flex_column_table_cell av-equal-height-column av-align-middle av-zero-column-padding  '     ><style type=\"text\/css\" data-created_by=\"avia_inline_auto\" id=\"style-css-av-jkmqvemn-a849e900cf86a857f3608b672049fcca\">\n.avia-image-container.av-jkmqvemn-a849e900cf86a857f3608b672049fcca img.avia_image{\nbox-shadow:none;\n}\n.avia-image-container.av-jkmqvemn-a849e900cf86a857f3608b672049fcca .av-image-caption-overlay-center{\ncolor:#ffffff;\n}\n<\/style>\n<div  class='avia-image-container av-jkmqvemn-a849e900cf86a857f3608b672049fcca av-styling- avia-align-center  avia-builder-el-7  avia-builder-el-no-sibling '   itemprop=\"image\" itemscope=\"itemscope\" itemtype=\"https:\/\/schema.org\/ImageObject\" ><div class=\"avia-image-container-inner\"><div class=\"avia-image-overlay-wrap\"><img decoding=\"async\" fetchpriority=\"high\" class='wp-image-1348 avia-img-lazy-loading-not-1348 avia_image ' src=\"https:\/\/i0.wp.com\/neo-peauapeau.com\/wp-content\/uploads\/2018\/08\/logo_std_1001_image_rc.png?fit=210%2C75&ssl=1\" alt='' title='Logo norme OEKO-TEX'  height=\"75\" width=\"210\"  itemprop=\"thumbnailUrl\"  \/><\/div><\/div><\/div><\/div><\/div><!--close column table wrapper. Autoclose: 1 --><\/div><\/div><\/div><!-- close content main div --><\/div><\/div>\n<style type=\"text\/css\" data-created_by=\"avia_inline_auto\" id=\"style-css-av-1eoza-943bf73f59387c41932efea4d301e4a2\">\n.avia-section.av-1eoza-943bf73f59387c41932efea4d301e4a2{\nbackground-repeat:no-repeat;\nbackground-image:url(https:\/\/i0.wp.com\/neo-peauapeau.com\/wp-content\/uploads\/2018\/08\/igor-son-320878-unsplash-2.jpg?fit=1000%2C751&ssl=1);\nbackground-position:0% 50%;\nbackground-attachment:scroll;\n}\n<\/style>\n<div id='av_section_3'  class='avia-section av-1eoza-943bf73f59387c41932efea4d301e4a2 main_color avia-section-no-padding avia-no-border-styling  avia-builder-el-8  el_after_av_section  avia-builder-el-last  avia-bg-style-scroll av-minimum-height av-minimum-height-100 av-height-100  container_wrap fullsize'  data-section-bg-repeat='no-repeat' data-av_minimum_height_pc='100' data-av_min_height_opt='100'><div class='container av-section-cont-open' ><div class='template-page content  av-content-full alpha units'><div class='post-entry post-entry-type-page post-entry-1432'><div class='entry-content-wrapper clearfix'>\n<div class='flex_column_table av-jlgyay58-25b99c4f0ffd24491e3be77f0ae5de94 sc-av_one_fourth av-equal-height-column-flextable'>\n<style type=\"text\/css\" data-created_by=\"avia_inline_auto\" id=\"style-css-av-jlgyay58-25b99c4f0ffd24491e3be77f0ae5de94\">\n.flex_column.av-jlgyay58-25b99c4f0ffd24491e3be77f0ae5de94{\nborder-radius:0px 0px 0px 0px;\npadding:0px 0px 0px 0px;\n}\n<\/style>\n<div  class='flex_column av-jlgyay58-25b99c4f0ffd24491e3be77f0ae5de94 av_one_fourth  avia-builder-el-9  el_before_av_three_fourth  avia-builder-el-first  first flex_column_table_cell av-equal-height-column av-align-middle av-zero-column-padding  '     ><\/div><div class='av-flex-placeholder'><\/div>\n<style type=\"text\/css\" data-created_by=\"avia_inline_auto\" id=\"style-css-av-jlgyay58-15d7c73fb8db25c25d057649a0658fad\">\n.flex_column.av-jlgyay58-15d7c73fb8db25c25d057649a0658fad{\nborder-radius:0px 0px 0px 0px;\npadding:25px 25px 25px 25px;\nbackground-color:rgba(255,255,255,0.51);\n}\n<\/style>\n<div  class='flex_column av-jlgyay58-15d7c73fb8db25c25d057649a0658fad av_three_fourth  avia-builder-el-10  el_after_av_one_fourth  avia-builder-el-last  flex_column_table_cell av-equal-height-column av-align-middle  '     ><section  class='av_textblock_section av-jkmoxiu3-021450eed84c351dc5c77244f791db43 '   itemscope=\"itemscope\" itemtype=\"https:\/\/schema.org\/CreativeWork\" ><div class='avia_textblock'  itemprop=\"text\" ><p>We chose <strong>ORGANIC cotton<\/strong> for our <strong>newborn and baby wraps<\/strong>; our fabrics are made up of natural fibres from <strong>organic agriculture<\/strong>. Their production and growing methods are the most <strong>eco-friendly<\/strong> since the <strong>use of pesticides is banned<\/strong>.<\/p>\n<p>Choose the skin to skin benefits and what&#8217;s best for your baby!<\/p>\n<\/div><\/section><\/div><\/div><!--close column table wrapper. Autoclose: 1 --><\/p>\n","protected":false},"excerpt":{"rendered":"","protected":false},"author":1,"featured_media":0,"parent":0,"menu_order":0,"comment_status":"closed","ping_status":"closed","template":"","meta":{"_acf_changed":false,"footnotes":""},"class_list":["post-1432","page","type-page","status-publish","hentry"],"acf":[],"yoast_head":"<!-- This site is optimized with the Yoast SEO plugin v27.5 - https:\/\/yoast.com\/product\/yoast-seo-wordpress\/ -->\n<title>Our commitments - N\u00c9O peau \u00e0 peau, au plsu pr\u00e8s de votre b\u00e9b\u00e9<\/title>\n<meta name=\"robots\" content=\"index, follow, max-snippet:-1, max-image-preview:large, max-video-preview:-1\" \/>\n<link rel=\"canonical\" href=\"https:\/\/neo-peauapeau.com\/en\/our-commitments\/\" \/>\n<meta property=\"og:locale\" content=\"en_US\" \/>\n<meta property=\"og:type\" content=\"article\" \/>\n<meta property=\"og:title\" content=\"Our commitments - N\u00c9O peau \u00e0 peau, au plsu pr\u00e8s de votre b\u00e9b\u00e9\" \/>\n<meta property=\"og:url\" content=\"https:\/\/neo-peauapeau.com\/en\/our-commitments\/\" \/>\n<meta property=\"og:site_name\" content=\"N\u00c9O peau \u00e0 peau\" \/>\n<meta property=\"article:publisher\" content=\"https:\/\/www.facebook.com\/neo.peauapeau\/\" \/>\n<meta property=\"article:modified_time\" content=\"2018-10-29T16:08:43+00:00\" \/>\n<meta property=\"og:image\" content=\"https:\/\/i0.wp.com\/neo-peauapeau.com\/wp-content\/uploads\/2018\/08\/peauapeaubandeaux.jpg?fit=1500%2C1001&ssl=1\" \/>\n\t<meta property=\"og:image:width\" content=\"1500\" \/>\n\t<meta property=\"og:image:height\" content=\"1001\" \/>\n\t<meta property=\"og:image:type\" content=\"image\/jpeg\" \/>\n<meta name=\"twitter:card\" content=\"summary_large_image\" \/>\n<meta name=\"twitter:label1\" content=\"Est. reading time\" \/>\n\t<meta name=\"twitter:data1\" content=\"5 minutes\" \/>\n<script type=\"application\/ld+json\" class=\"yoast-schema-graph\">{\"@context\":\"https:\\\/\\\/schema.org\",\"@graph\":[{\"@type\":\"WebPage\",\"@id\":\"https:\\\/\\\/neo-peauapeau.com\\\/en\\\/our-commitments\\\/\",\"url\":\"https:\\\/\\\/neo-peauapeau.com\\\/en\\\/our-commitments\\\/\",\"name\":\"Our commitments - N\u00c9O peau \u00e0 peau, au plsu pr\u00e8s de votre b\u00e9b\u00e9\",\"isPartOf\":{\"@id\":\"https:\\\/\\\/neo-peauapeau.com\\\/#website\"},\"datePublished\":\"2018-08-09T15:58:49+00:00\",\"dateModified\":\"2018-10-29T16:08:43+00:00\",\"breadcrumb\":{\"@id\":\"https:\\\/\\\/neo-peauapeau.com\\\/en\\\/our-commitments\\\/#breadcrumb\"},\"inLanguage\":\"en-US\",\"potentialAction\":[{\"@type\":\"ReadAction\",\"target\":[\"https:\\\/\\\/neo-peauapeau.com\\\/en\\\/our-commitments\\\/\"]}]},{\"@type\":\"BreadcrumbList\",\"@id\":\"https:\\\/\\\/neo-peauapeau.com\\\/en\\\/our-commitments\\\/#breadcrumb\",\"itemListElement\":[{\"@type\":\"ListItem\",\"position\":1,\"name\":\"Accueil\",\"item\":\"https:\\\/\\\/neo-peauapeau.com\\\/en\\\/\"},{\"@type\":\"ListItem\",\"position\":2,\"name\":\"Our commitments\"}]},{\"@type\":\"WebSite\",\"@id\":\"https:\\\/\\\/neo-peauapeau.com\\\/#website\",\"url\":\"https:\\\/\\\/neo-peauapeau.com\\\/\",\"name\":\"N\u00c9O peau \u00e0 peau\",\"description\":\"au plus pr\u00e8s de votre b\u00e9b\u00e9\",\"publisher\":{\"@id\":\"https:\\\/\\\/neo-peauapeau.com\\\/#organization\"},\"potentialAction\":[{\"@type\":\"SearchAction\",\"target\":{\"@type\":\"EntryPoint\",\"urlTemplate\":\"https:\\\/\\\/neo-peauapeau.com\\\/?s={search_term_string}\"},\"query-input\":{\"@type\":\"PropertyValueSpecification\",\"valueRequired\":true,\"valueName\":\"search_term_string\"}}],\"inLanguage\":\"en-US\"},{\"@type\":\"Organization\",\"@id\":\"https:\\\/\\\/neo-peauapeau.com\\\/#organization\",\"name\":\"N\u00e9o peau \u00e0 peau\",\"url\":\"https:\\\/\\\/neo-peauapeau.com\\\/\",\"logo\":{\"@type\":\"ImageObject\",\"inLanguage\":\"en-US\",\"@id\":\"https:\\\/\\\/neo-peauapeau.com\\\/#\\\/schema\\\/logo\\\/image\\\/\",\"url\":\"https:\\\/\\\/i2.wp.com\\\/neo-peauapeau.com\\\/wp-content\\\/uploads\\\/2018\\\/08\\\/logo-neopeauapeau.png?fit=400%2C342&ssl=1\",\"contentUrl\":\"https:\\\/\\\/i2.wp.com\\\/neo-peauapeau.com\\\/wp-content\\\/uploads\\\/2018\\\/08\\\/logo-neopeauapeau.png?fit=400%2C342&ssl=1\",\"width\":400,\"height\":342,\"caption\":\"N\u00e9o peau \u00e0 peau\"},\"image\":{\"@id\":\"https:\\\/\\\/neo-peauapeau.com\\\/#\\\/schema\\\/logo\\\/image\\\/\"},\"sameAs\":[\"https:\\\/\\\/www.facebook.com\\\/neo.peauapeau\\\/\",\"https:\\\/\\\/www.instagram.com\\\/neo.peauapeau\\\/\"]}]}<\/script>\n<!-- \/ Yoast SEO plugin. -->","yoast_head_json":{"title":"Our commitments - N\u00c9O peau \u00e0 peau, au plsu pr\u00e8s de votre b\u00e9b\u00e9","robots":{"index":"index","follow":"follow","max-snippet":"max-snippet:-1","max-image-preview":"max-image-preview:large","max-video-preview":"max-video-preview:-1"},"canonical":"https:\/\/neo-peauapeau.com\/en\/our-commitments\/","og_locale":"en_US","og_type":"article","og_title":"Our commitments - N\u00c9O peau \u00e0 peau, au plsu pr\u00e8s de votre b\u00e9b\u00e9","og_url":"https:\/\/neo-peauapeau.com\/en\/our-commitments\/","og_site_name":"N\u00c9O peau \u00e0 peau","article_publisher":"https:\/\/www.facebook.com\/neo.peauapeau\/","article_modified_time":"2018-10-29T16:08:43+00:00","og_image":[{"width":1500,"height":1001,"url":"https:\/\/i0.wp.com\/neo-peauapeau.com\/wp-content\/uploads\/2018\/08\/peauapeaubandeaux.jpg?fit=1500%2C1001&ssl=1","type":"image\/jpeg"}],"twitter_card":"summary_large_image","twitter_misc":{"Est. reading time":"5 minutes"},"schema":{"@context":"https:\/\/schema.org","@graph":[{"@type":"WebPage","@id":"https:\/\/neo-peauapeau.com\/en\/our-commitments\/","url":"https:\/\/neo-peauapeau.com\/en\/our-commitments\/","name":"Our commitments - N\u00c9O peau \u00e0 peau, au plsu pr\u00e8s de votre b\u00e9b\u00e9","isPartOf":{"@id":"https:\/\/neo-peauapeau.com\/#website"},"datePublished":"2018-08-09T15:58:49+00:00","dateModified":"2018-10-29T16:08:43+00:00","breadcrumb":{"@id":"https:\/\/neo-peauapeau.com\/en\/our-commitments\/#breadcrumb"},"inLanguage":"en-US","potentialAction":[{"@type":"ReadAction","target":["https:\/\/neo-peauapeau.com\/en\/our-commitments\/"]}]},{"@type":"BreadcrumbList","@id":"https:\/\/neo-peauapeau.com\/en\/our-commitments\/#breadcrumb","itemListElement":[{"@type":"ListItem","position":1,"name":"Accueil","item":"https:\/\/neo-peauapeau.com\/en\/"},{"@type":"ListItem","position":2,"name":"Our commitments"}]},{"@type":"WebSite","@id":"https:\/\/neo-peauapeau.com\/#website","url":"https:\/\/neo-peauapeau.com\/","name":"N\u00c9O peau \u00e0 peau","description":"au plus pr\u00e8s de votre b\u00e9b\u00e9","publisher":{"@id":"https:\/\/neo-peauapeau.com\/#organization"},"potentialAction":[{"@type":"SearchAction","target":{"@type":"EntryPoint","urlTemplate":"https:\/\/neo-peauapeau.com\/?s={search_term_string}"},"query-input":{"@type":"PropertyValueSpecification","valueRequired":true,"valueName":"search_term_string"}}],"inLanguage":"en-US"},{"@type":"Organization","@id":"https:\/\/neo-peauapeau.com\/#organization","name":"N\u00e9o peau \u00e0 peau","url":"https:\/\/neo-peauapeau.com\/","logo":{"@type":"ImageObject","inLanguage":"en-US","@id":"https:\/\/neo-peauapeau.com\/#\/schema\/logo\/image\/","url":"https:\/\/i2.wp.com\/neo-peauapeau.com\/wp-content\/uploads\/2018\/08\/logo-neopeauapeau.png?fit=400%2C342&ssl=1","contentUrl":"https:\/\/i2.wp.com\/neo-peauapeau.com\/wp-content\/uploads\/2018\/08\/logo-neopeauapeau.png?fit=400%2C342&ssl=1","width":400,"height":342,"caption":"N\u00e9o peau \u00e0 peau"},"image":{"@id":"https:\/\/neo-peauapeau.com\/#\/schema\/logo\/image\/"},"sameAs":["https:\/\/www.facebook.com\/neo.peauapeau\/","https:\/\/www.instagram.com\/neo.peauapeau\/"]}]}},"jetpack_sharing_enabled":true,"jetpack_shortlink":"https:\/\/wp.me\/Pa8FXz-n6","jetpack_likes_enabled":true,"_links":{"self":[{"href":"https:\/\/neo-peauapeau.com\/en\/wp-json\/wp\/v2\/pages\/1432","targetHints":{"allow":["GET"]}}],"collection":[{"href":"https:\/\/neo-peauapeau.com\/en\/wp-json\/wp\/v2\/pages"}],"about":[{"href":"https:\/\/neo-peauapeau.com\/en\/wp-json\/wp\/v2\/types\/page"}],"author":[{"embeddable":true,"href":"https:\/\/neo-peauapeau.com\/en\/wp-json\/wp\/v2\/users\/1"}],"replies":[{"embeddable":true,"href":"https:\/\/neo-peauapeau.com\/en\/wp-json\/wp\/v2\/comments?post=1432"}],"version-history":[{"count":0,"href":"https:\/\/neo-peauapeau.com\/en\/wp-json\/wp\/v2\/pages\/1432\/revisions"}],"wp:attachment":[{"href":"https:\/\/neo-peauapeau.com\/en\/wp-json\/wp\/v2\/media?parent=1432"}],"curies":[{"name":"wp","href":"https:\/\/api.w.org\/{rel}","templated":true}]}}