{"id":1416,"date":"2015-03-03T02:10:34","date_gmt":"2015-03-03T01:10:34","guid":{"rendered":"https:\/\/neo-peauapeau.com\/neo\/"},"modified":"2018-11-22T14:16:42","modified_gmt":"2018-11-22T13:16:42","slug":"neo","status":"publish","type":"page","link":"https:\/\/neo-peauapeau.com\/en\/neo\/","title":{"rendered":"N\u00c9O"},"content":{"rendered":"\n<style type=\"text\/css\" data-created_by=\"avia_inline_auto\" id=\"style-css-av-1eoza-1d145b51d81a941fdf1cc21b0663ea66\">\n.avia-section.av-1eoza-1d145b51d81a941fdf1cc21b0663ea66{\nbackground-repeat:no-repeat;\nbackground-image:url(https:\/\/i0.wp.com\/neo-peauapeau.com\/wp-content\/uploads\/2018\/08\/peauapeaubandeaux-31-web.jpg?fit=2000%2C1335&ssl=1);\nbackground-position:100% 50%;\nbackground-attachment:scroll;\n}\n<\/style>\n<div id='av_section_1'  class='avia-section av-1eoza-1d145b51d81a941fdf1cc21b0663ea66 main_color avia-section-no-padding avia-no-border-styling  avia-builder-el-0  el_before_av_slideshow_full  avia-builder-el-first  av-mini-hide avia-bg-style-scroll av-minimum-height av-minimum-height-100 av-height-100  container_wrap fullsize'  data-section-bg-repeat='no-repeat' data-av_minimum_height_pc='100' data-av_min_height_opt='100'><div class='container av-section-cont-open' ><main  role=\"main\" itemprop=\"mainContentOfPage\"  class='template-page content  av-content-full alpha units'><div class='post-entry post-entry-type-page post-entry-1416'><div class='entry-content-wrapper clearfix'>\n<div class='flex_column_table av-jlgyay58-32405fd2b02ef94ca65dd1a8231d944a sc-av_two_third av-equal-height-column-flextable'>\n<style type=\"text\/css\" data-created_by=\"avia_inline_auto\" id=\"style-css-av-jlgyay58-32405fd2b02ef94ca65dd1a8231d944a\">\n.flex_column.av-jlgyay58-32405fd2b02ef94ca65dd1a8231d944a{\nborder-radius:0px 0px 0px 0px;\npadding:25px 25px 25px 25px;\nbackground-color:rgba(255,255,255,0.7);\n}\n<\/style>\n<div  class='flex_column av-jlgyay58-32405fd2b02ef94ca65dd1a8231d944a av_two_third  avia-builder-el-1  el_before_av_one_third  avia-builder-el-first  first no_margin flex_column_table_cell av-equal-height-column av-align-middle  '     ><p>\n<style type=\"text\/css\" data-created_by=\"avia_inline_auto\" id=\"style-css-av-qyw2-d434d4ebd9954ed4227c0d39ba0bc4ce\">\n#top .av-special-heading.av-qyw2-d434d4ebd9954ed4227c0d39ba0bc4ce{\npadding-bottom:50px;\nfont-size:30px;\n}\nbody .av-special-heading.av-qyw2-d434d4ebd9954ed4227c0d39ba0bc4ce .av-special-heading-tag .heading-char{\nfont-size:25px;\n}\n#top #wrap_all .av-special-heading.av-qyw2-d434d4ebd9954ed4227c0d39ba0bc4ce .av-special-heading-tag{\nfont-size:30px;\n}\n.av-special-heading.av-qyw2-d434d4ebd9954ed4227c0d39ba0bc4ce .av-subheading{\nfont-size:15px;\n}\n\n@media only screen and (min-width: 480px) and (max-width: 767px){ \n#top #wrap_all .av-special-heading.av-qyw2-d434d4ebd9954ed4227c0d39ba0bc4ce .av-special-heading-tag{\nfont-size:0.8em;\n}\n}\n\n@media only screen and (max-width: 479px){ \n#top #wrap_all .av-special-heading.av-qyw2-d434d4ebd9954ed4227c0d39ba0bc4ce .av-special-heading-tag{\nfont-size:0.8em;\n}\n}\n<\/style>\n<div  class='av-special-heading av-qyw2-d434d4ebd9954ed4227c0d39ba0bc4ce av-special-heading-h1 blockquote modern-quote  avia-builder-el-2  el_before_av_textblock  avia-builder-el-first  av-inherit-size'><h1 class='av-special-heading-tag '  itemprop=\"headline\"  >Neo is above all else a family affair!<\/h1><div class=\"special-heading-border\"><div class=\"special-heading-inner-border\"><\/div><\/div><\/div><br \/>\n<section  class='av_textblock_section av-opvju-ac5625dd681cb606b5443599b7104754 '   itemscope=\"itemscope\" itemtype=\"https:\/\/schema.org\/CreativeWork\" ><div class='avia_textblock'  itemprop=\"text\" ><p><span style=\"font-weight: 400;\">Parents wishing to be grandparents, children old enough to become parents and future grandkids! Still there ?<\/span><\/p>\n<p>It is because of our surroundings and 30 years of experience in the textile industry that the idea of NEO products came to us!<\/p>\n<p>Why skin to skin? Easy! Well-being is at the core of today\u2019s concerns and it starts from the earliest age! Doctors, maternity units and childcare units recommend skin to skin from birth, but no wraps combining softness, closeness and natural fibre existed. Premature babies\u2019 parents shared with us the usefulness, even the necessity of such a tool that they\u2019ve sorely missed.<\/p>\n<p>NEO wrap is naturally the continuity and the link to this special relationship between parents and babies thanks to the kangaroo care method.<\/p>\n<p>We care with a special dedication to the manufacturing of this product, we do our best to meet the young parents and their babies expectations.<\/p>\n<\/div><\/section><\/p><\/div>\n<style type=\"text\/css\" data-created_by=\"avia_inline_auto\" id=\"style-css-av-jlgyay58-21f30091275e6e0456ff3d838a4bf1f1\">\n.flex_column.av-jlgyay58-21f30091275e6e0456ff3d838a4bf1f1{\nborder-radius:0px 0px 0px 0px;\npadding:0px 0px 0px 0px;\n}\n<\/style>\n<div  class='flex_column av-jlgyay58-21f30091275e6e0456ff3d838a4bf1f1 av_one_third  avia-builder-el-4  el_after_av_two_third  avia-builder-el-last  no_margin flex_column_table_cell av-equal-height-column av-align-middle av-zero-column-padding  '     ><\/div><\/div><!--close column table wrapper. Autoclose: 1 --><\/div><\/div><\/main><!-- close content main element --><\/div><\/div><div id='full_slider_1'  class='avia-fullwidth-slider main_color avia-shadow av-desktop-hide av-medium-hide av-small-hide  avia-builder-el-5  el_after_av_section  el_before_av_section   slider-not-first container_wrap fullsize'  ><div  class='avia-slideshow av-jlgzwwll-bef5e4876897888902aa3c58457ef2d4 avia-slideshow-featured av_slideshow_full avia-slide-slider av-desktop-hide av-medium-hide av-small-hide av-slideshow-ui av-control-default av-slideshow-manual av-loop-once av-loop-manual-endless av-default-height-applied   avia-slideshow-1' data-slideshow-options=\"{&quot;animation&quot;:&quot;slide&quot;,&quot;autoplay&quot;:false,&quot;loop_autoplay&quot;:&quot;once&quot;,&quot;interval&quot;:5,&quot;loop_manual&quot;:&quot;manual-endless&quot;,&quot;autoplay_stopper&quot;:false,&quot;noNavigation&quot;:false,&quot;bg_slider&quot;:false,&quot;keep_padding&quot;:false,&quot;hoverpause&quot;:false,&quot;show_slide_delay&quot;:0}\"  itemprop=\"image\" itemscope=\"itemscope\" itemtype=\"https:\/\/schema.org\/ImageObject\" ><ul class='avia-slideshow-inner ' style='padding-bottom: 28.666666666667%;'><li  class='avia-slideshow-slide av-jlgzwwll-bef5e4876897888902aa3c58457ef2d4__0  av-single-slide slide-1 slide-odd'><div data-rel='slideshow-1' class='avia-slide-wrap '  title='Photo d&#039;un homme avec un bandeau n\u00e9o' ><img decoding=\"async\" fetchpriority=\"high\" class=\"wp-image-1340 avia-img-lazy-loading-not-1340\"  src=\"https:\/\/i0.wp.com\/neo-peauapeau.com\/wp-content\/uploads\/2018\/08\/peauapeaubandeaux-23-web.jpg?resize=1500%2C430&ssl=1\" width=\"1500\" height=\"430\" title='Les bienfaits du peau \u00e0 peau pour les hommes' alt=''  itemprop=\"thumbnailUrl\"   \/><\/div><\/li><\/ul><\/div><\/div><\/p>\n<div id='av_section_2'  class='avia-section av-jlgzx3ox-5718554046f06612c08bbf33924c4e3d main_color avia-section-default avia-no-border-styling  avia-builder-el-6  el_after_av_slideshow_full  avia-builder-el-last  av-desktop-hide av-medium-hide av-small-hide avia-bg-style-scroll container_wrap fullsize'  ><div class='container av-section-cont-open' ><div class='template-page content  av-content-full alpha units'><div class='post-entry post-entry-type-page post-entry-1416'><div class='entry-content-wrapper clearfix'>\n\n<style type=\"text\/css\" data-created_by=\"avia_inline_auto\" id=\"style-css-av-s83u-834d2e5e74491d19cc3d06f884c3471b\">\n#top .av-special-heading.av-s83u-834d2e5e74491d19cc3d06f884c3471b{\npadding-bottom:50px;\nfont-size:30px;\n}\nbody .av-special-heading.av-s83u-834d2e5e74491d19cc3d06f884c3471b .av-special-heading-tag .heading-char{\nfont-size:25px;\n}\n#top #wrap_all .av-special-heading.av-s83u-834d2e5e74491d19cc3d06f884c3471b .av-special-heading-tag{\nfont-size:30px;\n}\n.av-special-heading.av-s83u-834d2e5e74491d19cc3d06f884c3471b .av-subheading{\nfont-size:15px;\n}\n\n@media only screen and (min-width: 480px) and (max-width: 767px){ \n#top #wrap_all .av-special-heading.av-s83u-834d2e5e74491d19cc3d06f884c3471b .av-special-heading-tag{\nfont-size:0.8em;\n}\n}\n\n@media only screen and (max-width: 479px){ \n#top #wrap_all .av-special-heading.av-s83u-834d2e5e74491d19cc3d06f884c3471b .av-special-heading-tag{\nfont-size:0.8em;\n}\n}\n<\/style>\n<div  class='av-special-heading av-s83u-834d2e5e74491d19cc3d06f884c3471b av-special-heading-h1 blockquote modern-quote  avia-builder-el-7  el_before_av_textblock  avia-builder-el-first  av-inherit-size'><h1 class='av-special-heading-tag '  itemprop=\"headline\"  >Neo is above all else a family affair!<\/h1><div class=\"special-heading-border\"><div class=\"special-heading-inner-border\"><\/div><\/div><\/div>\n<section  class='av_textblock_section av-opvju-ac5625dd681cb606b5443599b7104754 '   itemscope=\"itemscope\" itemtype=\"https:\/\/schema.org\/CreativeWork\" ><div class='avia_textblock'  itemprop=\"text\" ><p>Parents wishing to be grandparents, children old enough to become parents and future grandkids! Still there ?<\/p>\n<p>It is because of our surroundings and 30 years of experience in the textile industry that the idea of NEO products came to us!<\/p>\n<p>Why skin to skin? Easy! Well-being is at the core of today\u2019s concerns and it starts from the earliest age! Doctors, maternity units and childcare units recommend skin to skin from birth, but no wraps combining softness, closeness and natural fibre existed. Premature babies\u2019 parents shared with us the usefulness, even the necessity of such a tool that they\u2019ve sorely missed.<\/p>\n<p>NEO wrap is naturally the continuity and the link to this special relationship between parents and babies thanks to the kangaroo care method.<\/p>\n<p>We care with a special dedication to the manufacturing of this product, we do our best to meet the young parents and their babies expectations.<\/p>\n<p><span style=\"font-weight: 400;\">\u00a0<\/span><\/p>\n<\/div><\/section>\n\n","protected":false},"excerpt":{"rendered":"","protected":false},"author":1,"featured_media":0,"parent":0,"menu_order":0,"comment_status":"open","ping_status":"open","template":"","meta":{"_acf_changed":false,"footnotes":""},"class_list":["post-1416","page","type-page","status-publish","hentry"],"acf":[],"yoast_head":"<!-- This site is optimized with the Yoast SEO plugin v27.5 - https:\/\/yoast.com\/product\/yoast-seo-wordpress\/ -->\n<title>Who are we ? - N\u00c9O peau \u00e0 peau, loving care for your baby<\/title>\n<meta name=\"description\" content=\"It is thanks to our surrounding and more than 30 years of experience in the textile industry that the very idea of NEO came to us...\" \/>\n<meta name=\"robots\" content=\"index, follow, max-snippet:-1, max-image-preview:large, max-video-preview:-1\" \/>\n<link rel=\"canonical\" href=\"https:\/\/neo-peauapeau.com\/en\/neo\/\" \/>\n<meta property=\"og:locale\" content=\"en_US\" \/>\n<meta property=\"og:type\" content=\"article\" \/>\n<meta property=\"og:title\" content=\"Who are we ? - N\u00c9O peau \u00e0 peau, loving care for your baby\" \/>\n<meta property=\"og:description\" content=\"It is thanks to our surrounding and more than 30 years of experience in the textile industry that the very idea of NEO came to us...\" \/>\n<meta property=\"og:url\" content=\"https:\/\/neo-peauapeau.com\/en\/neo\/\" \/>\n<meta property=\"og:site_name\" content=\"N\u00c9O peau \u00e0 peau\" \/>\n<meta property=\"article:publisher\" content=\"https:\/\/www.facebook.com\/neo.peauapeau\/\" \/>\n<meta property=\"article:modified_time\" content=\"2018-11-22T13:16:42+00:00\" \/>\n<meta property=\"og:image\" content=\"https:\/\/i0.wp.com\/neo-peauapeau.com\/wp-content\/uploads\/2018\/08\/peauapeaubandeaux.jpg?fit=1500%2C1001&ssl=1\" \/>\n\t<meta property=\"og:image:width\" content=\"1500\" \/>\n\t<meta property=\"og:image:height\" content=\"1001\" \/>\n\t<meta property=\"og:image:type\" content=\"image\/jpeg\" \/>\n<meta name=\"twitter:card\" content=\"summary_large_image\" \/>\n<meta name=\"twitter:label1\" content=\"Est. reading time\" \/>\n\t<meta name=\"twitter:data1\" content=\"5 minutes\" \/>\n<script type=\"application\/ld+json\" class=\"yoast-schema-graph\">{\"@context\":\"https:\\\/\\\/schema.org\",\"@graph\":[{\"@type\":\"WebPage\",\"@id\":\"https:\\\/\\\/neo-peauapeau.com\\\/en\\\/neo\\\/\",\"url\":\"https:\\\/\\\/neo-peauapeau.com\\\/en\\\/neo\\\/\",\"name\":\"Who are we ? - N\u00c9O peau \u00e0 peau, loving care for your baby\",\"isPartOf\":{\"@id\":\"https:\\\/\\\/neo-peauapeau.com\\\/#website\"},\"datePublished\":\"2015-03-03T01:10:34+00:00\",\"dateModified\":\"2018-11-22T13:16:42+00:00\",\"description\":\"It is thanks to our surrounding and more than 30 years of experience in the textile industry that the very idea of NEO came to us...\",\"breadcrumb\":{\"@id\":\"https:\\\/\\\/neo-peauapeau.com\\\/en\\\/neo\\\/#breadcrumb\"},\"inLanguage\":\"en-US\",\"potentialAction\":[{\"@type\":\"ReadAction\",\"target\":[\"https:\\\/\\\/neo-peauapeau.com\\\/en\\\/neo\\\/\"]}]},{\"@type\":\"BreadcrumbList\",\"@id\":\"https:\\\/\\\/neo-peauapeau.com\\\/en\\\/neo\\\/#breadcrumb\",\"itemListElement\":[{\"@type\":\"ListItem\",\"position\":1,\"name\":\"Accueil\",\"item\":\"https:\\\/\\\/neo-peauapeau.com\\\/en\\\/\"},{\"@type\":\"ListItem\",\"position\":2,\"name\":\"N\u00c9O\"}]},{\"@type\":\"WebSite\",\"@id\":\"https:\\\/\\\/neo-peauapeau.com\\\/#website\",\"url\":\"https:\\\/\\\/neo-peauapeau.com\\\/\",\"name\":\"N\u00c9O peau \u00e0 peau\",\"description\":\"au plus pr\u00e8s de votre b\u00e9b\u00e9\",\"publisher\":{\"@id\":\"https:\\\/\\\/neo-peauapeau.com\\\/#organization\"},\"potentialAction\":[{\"@type\":\"SearchAction\",\"target\":{\"@type\":\"EntryPoint\",\"urlTemplate\":\"https:\\\/\\\/neo-peauapeau.com\\\/?s={search_term_string}\"},\"query-input\":{\"@type\":\"PropertyValueSpecification\",\"valueRequired\":true,\"valueName\":\"search_term_string\"}}],\"inLanguage\":\"en-US\"},{\"@type\":\"Organization\",\"@id\":\"https:\\\/\\\/neo-peauapeau.com\\\/#organization\",\"name\":\"N\u00e9o peau \u00e0 peau\",\"url\":\"https:\\\/\\\/neo-peauapeau.com\\\/\",\"logo\":{\"@type\":\"ImageObject\",\"inLanguage\":\"en-US\",\"@id\":\"https:\\\/\\\/neo-peauapeau.com\\\/#\\\/schema\\\/logo\\\/image\\\/\",\"url\":\"https:\\\/\\\/i2.wp.com\\\/neo-peauapeau.com\\\/wp-content\\\/uploads\\\/2018\\\/08\\\/logo-neopeauapeau.png?fit=400%2C342&ssl=1\",\"contentUrl\":\"https:\\\/\\\/i2.wp.com\\\/neo-peauapeau.com\\\/wp-content\\\/uploads\\\/2018\\\/08\\\/logo-neopeauapeau.png?fit=400%2C342&ssl=1\",\"width\":400,\"height\":342,\"caption\":\"N\u00e9o peau \u00e0 peau\"},\"image\":{\"@id\":\"https:\\\/\\\/neo-peauapeau.com\\\/#\\\/schema\\\/logo\\\/image\\\/\"},\"sameAs\":[\"https:\\\/\\\/www.facebook.com\\\/neo.peauapeau\\\/\",\"https:\\\/\\\/www.instagram.com\\\/neo.peauapeau\\\/\"]}]}<\/script>\n<!-- \/ Yoast SEO plugin. -->","yoast_head_json":{"title":"Who are we ? - N\u00c9O peau \u00e0 peau, loving care for your baby","description":"It is thanks to our surrounding and more than 30 years of experience in the textile industry that the very idea of NEO came to us...","robots":{"index":"index","follow":"follow","max-snippet":"max-snippet:-1","max-image-preview":"max-image-preview:large","max-video-preview":"max-video-preview:-1"},"canonical":"https:\/\/neo-peauapeau.com\/en\/neo\/","og_locale":"en_US","og_type":"article","og_title":"Who are we ? - N\u00c9O peau \u00e0 peau, loving care for your baby","og_description":"It is thanks to our surrounding and more than 30 years of experience in the textile industry that the very idea of NEO came to us...","og_url":"https:\/\/neo-peauapeau.com\/en\/neo\/","og_site_name":"N\u00c9O peau \u00e0 peau","article_publisher":"https:\/\/www.facebook.com\/neo.peauapeau\/","article_modified_time":"2018-11-22T13:16:42+00:00","og_image":[{"width":1500,"height":1001,"url":"https:\/\/i0.wp.com\/neo-peauapeau.com\/wp-content\/uploads\/2018\/08\/peauapeaubandeaux.jpg?fit=1500%2C1001&ssl=1","type":"image\/jpeg"}],"twitter_card":"summary_large_image","twitter_misc":{"Est. reading time":"5 minutes"},"schema":{"@context":"https:\/\/schema.org","@graph":[{"@type":"WebPage","@id":"https:\/\/neo-peauapeau.com\/en\/neo\/","url":"https:\/\/neo-peauapeau.com\/en\/neo\/","name":"Who are we ? - N\u00c9O peau \u00e0 peau, loving care for your baby","isPartOf":{"@id":"https:\/\/neo-peauapeau.com\/#website"},"datePublished":"2015-03-03T01:10:34+00:00","dateModified":"2018-11-22T13:16:42+00:00","description":"It is thanks to our surrounding and more than 30 years of experience in the textile industry that the very idea of NEO came to us...","breadcrumb":{"@id":"https:\/\/neo-peauapeau.com\/en\/neo\/#breadcrumb"},"inLanguage":"en-US","potentialAction":[{"@type":"ReadAction","target":["https:\/\/neo-peauapeau.com\/en\/neo\/"]}]},{"@type":"BreadcrumbList","@id":"https:\/\/neo-peauapeau.com\/en\/neo\/#breadcrumb","itemListElement":[{"@type":"ListItem","position":1,"name":"Accueil","item":"https:\/\/neo-peauapeau.com\/en\/"},{"@type":"ListItem","position":2,"name":"N\u00c9O"}]},{"@type":"WebSite","@id":"https:\/\/neo-peauapeau.com\/#website","url":"https:\/\/neo-peauapeau.com\/","name":"N\u00c9O peau \u00e0 peau","description":"au plus pr\u00e8s de votre b\u00e9b\u00e9","publisher":{"@id":"https:\/\/neo-peauapeau.com\/#organization"},"potentialAction":[{"@type":"SearchAction","target":{"@type":"EntryPoint","urlTemplate":"https:\/\/neo-peauapeau.com\/?s={search_term_string}"},"query-input":{"@type":"PropertyValueSpecification","valueRequired":true,"valueName":"search_term_string"}}],"inLanguage":"en-US"},{"@type":"Organization","@id":"https:\/\/neo-peauapeau.com\/#organization","name":"N\u00e9o peau \u00e0 peau","url":"https:\/\/neo-peauapeau.com\/","logo":{"@type":"ImageObject","inLanguage":"en-US","@id":"https:\/\/neo-peauapeau.com\/#\/schema\/logo\/image\/","url":"https:\/\/i2.wp.com\/neo-peauapeau.com\/wp-content\/uploads\/2018\/08\/logo-neopeauapeau.png?fit=400%2C342&ssl=1","contentUrl":"https:\/\/i2.wp.com\/neo-peauapeau.com\/wp-content\/uploads\/2018\/08\/logo-neopeauapeau.png?fit=400%2C342&ssl=1","width":400,"height":342,"caption":"N\u00e9o peau \u00e0 peau"},"image":{"@id":"https:\/\/neo-peauapeau.com\/#\/schema\/logo\/image\/"},"sameAs":["https:\/\/www.facebook.com\/neo.peauapeau\/","https:\/\/www.instagram.com\/neo.peauapeau\/"]}]}},"jetpack_sharing_enabled":true,"jetpack_shortlink":"https:\/\/wp.me\/Pa8FXz-mQ","jetpack_likes_enabled":true,"_links":{"self":[{"href":"https:\/\/neo-peauapeau.com\/en\/wp-json\/wp\/v2\/pages\/1416","targetHints":{"allow":["GET"]}}],"collection":[{"href":"https:\/\/neo-peauapeau.com\/en\/wp-json\/wp\/v2\/pages"}],"about":[{"href":"https:\/\/neo-peauapeau.com\/en\/wp-json\/wp\/v2\/types\/page"}],"author":[{"embeddable":true,"href":"https:\/\/neo-peauapeau.com\/en\/wp-json\/wp\/v2\/users\/1"}],"replies":[{"embeddable":true,"href":"https:\/\/neo-peauapeau.com\/en\/wp-json\/wp\/v2\/comments?post=1416"}],"version-history":[{"count":0,"href":"https:\/\/neo-peauapeau.com\/en\/wp-json\/wp\/v2\/pages\/1416\/revisions"}],"wp:attachment":[{"href":"https:\/\/neo-peauapeau.com\/en\/wp-json\/wp\/v2\/media?parent=1416"}],"curies":[{"name":"wp","href":"https:\/\/api.w.org\/{rel}","templated":true}]}}